{"id":14,"date":"2025-07-20T03:08:19","date_gmt":"2025-07-20T03:08:19","guid":{"rendered":"https:\/\/nekogami.es\/cart\/"},"modified":"2025-12-13T19:00:08","modified_gmt":"2025-12-13T19:00:08","slug":"cart","status":"publish","type":"page","link":"https:\/\/nekogami.es\/en\/cart\/","title":{"rendered":"Cart"},"content":{"rendered":"<div data-elementor-type=\"wp-page\" data-elementor-id=\"14\" class=\"elementor elementor-14\" data-elementor-post-type=\"page\">\n\t\t\t\t<div class=\"elementor-element elementor-element-4c599f72 e-flex e-con-boxed e-con e-parent\" data-id=\"4c599f72\" data-element_type=\"container\">\n\t\t\t\t\t<div class=\"e-con-inner\">\n\t\t\t\t\t<\/div>\n\t\t\t\t<\/div>\n\t\t\t\t<\/div>","protected":false},"excerpt":{"rendered":"<p>Eliminar art\u00edculo Imagen en miniatura Producto Precio Cantidad Subtotal &times; El Rat\u00f3n de Biblioteca 7 &euro;2.89 El Rat\u00f3n de Biblioteca 7 cantidad &euro;2.89 &times; El Rat\u00f3n de Biblioteca 6 &euro;2.89 El Rat\u00f3n de Biblioteca 6 cantidad &euro;2.89 &times; El Rat\u00f3n de Biblioteca 5 &euro;2.89 El Rat\u00f3n de Biblioteca 5 cantidad &euro;2.89 &times; El Rat\u00f3n de [&hellip;]<\/p>","protected":false},"author":1,"featured_media":0,"parent":0,"menu_order":0,"comment_status":"closed","ping_status":"closed","template":"","meta":{"footnotes":""},"class_list":["post-14","page","type-page","status-publish","hentry"],"_links":{"self":[{"href":"https:\/\/nekogami.es\/en\/wp-json\/wp\/v2\/pages\/14","targetHints":{"allow":["GET"]}}],"collection":[{"href":"https:\/\/nekogami.es\/en\/wp-json\/wp\/v2\/pages"}],"about":[{"href":"https:\/\/nekogami.es\/en\/wp-json\/wp\/v2\/types\/page"}],"author":[{"embeddable":true,"href":"https:\/\/nekogami.es\/en\/wp-json\/wp\/v2\/users\/1"}],"replies":[{"embeddable":true,"href":"https:\/\/nekogami.es\/en\/wp-json\/wp\/v2\/comments?post=14"}],"version-history":[{"count":18,"href":"https:\/\/nekogami.es\/en\/wp-json\/wp\/v2\/pages\/14\/revisions"}],"predecessor-version":[{"id":587,"href":"https:\/\/nekogami.es\/en\/wp-json\/wp\/v2\/pages\/14\/revisions\/587"}],"wp:attachment":[{"href":"https:\/\/nekogami.es\/en\/wp-json\/wp\/v2\/media?parent=14"}],"curies":[{"name":"wp","href":"https:\/\/api.w.org\/{rel}","templated":true}]}}