{"id":18,"date":"2025-07-20T03:22:10","date_gmt":"2025-07-20T03:22:10","guid":{"rendered":"https:\/\/nekogami.es\/?page_id=18"},"modified":"2025-12-13T19:39:16","modified_gmt":"2025-12-13T19:39:16","slug":"plataforma-de-alquiler-de-manga-online-suscripcion-y-generos","status":"publish","type":"page","link":"https:\/\/nekogami.es\/en\/","title":{"rendered":"Plataforma de Alquiler de Manga Online | Suscripci\u00f3n y G\u00e9neros"},"content":{"rendered":"<div data-elementor-type=\"wp-page\" data-elementor-id=\"18\" class=\"elementor elementor-18\" data-elementor-post-type=\"page\">\n\t\t\t\t\t\t<section class=\"elementor-section elementor-top-section elementor-element elementor-element-3fab6816 elementor-section-full_width elementor-section-height-min-height elementor-section-height-default elementor-section-items-middle\" data-id=\"3fab6816\" data-element_type=\"section\" data-settings=\"{&quot;background_background&quot;:&quot;classic&quot;}\">\n\t\t\t\t\t\t\t<div class=\"elementor-background-overlay\"><\/div>\n\t\t\t\t\t\t\t<div class=\"elementor-container elementor-column-gap-default\">\n\t\t\t\t\t<div class=\"elementor-column elementor-col-100 elementor-top-column elementor-element elementor-element-25bf841\" data-id=\"25bf841\" data-element_type=\"column\">\n\t\t\t<div class=\"elementor-widget-wrap elementor-element-populated\">\n\t\t\t\t\t\t<div class=\"elementor-element elementor-element-bc2ebce elementor-widget elementor-widget-heading\" data-id=\"bc2ebce\" data-element_type=\"widget\" data-widget_type=\"heading.default\">\n\t\t\t\t\t<h2 class=\"elementor-heading-title elementor-size-default\">Nekogami<\/h2>\t\t\t\t<\/div>\n\t\t\t\t<div class=\"elementor-element elementor-element-eb3fa79 elementor-widget elementor-widget-text-editor\" data-id=\"eb3fa79\" data-element_type=\"widget\" data-widget_type=\"text-editor.default\">\n\t\t\t\t\t\t\t\t\t<p>Si te apasiona leer manga, te relaja, te inspira, disfrutas con los detalles del dibujo,<br \/>con las historias y sus protagonistas, pero el espacio y el dinero son un l\u00edmite.<br \/>Nekogami es esa nube, ese colch\u00f3n d\u00f3nde por fin vas a disfrutar de leer manga sin <br \/>l\u00edmites, alquila con nosotros todo lo que quieras leer a precios bajos y adsequibles.<br \/>Escr\u00edbemos ahora para crear tu plan de lectura \ud83d\ude0a<\/p>\t\t\t\t\t\t\t\t<\/div>\n\t\t\t\t<div class=\"elementor-element elementor-element-d2d339a elementor-widget elementor-widget-tablepress-table\" data-id=\"d2d339a\" data-element_type=\"widget\" data-widget_type=\"tablepress-table.default\">\n\t\t\t\t\t\n<table id=\"tablepress-1\" class=\"tablepress tablepress-id-1\">\n<thead>\n<tr class=\"row-1\">\n\t<th colspan=\"6\" class=\"column-1\">Plan de lectura Nivel Bronce<\/th>\n<\/tr>\n<\/thead>\n<tbody class=\"row-striping row-hover\">\n<tr class=\"row-2\">\n\t<td class=\"column-1\">Nombre (Colecci\u00f3n)<\/td><td class=\"column-2\">Pedido 1<\/td><td class=\"column-3\">Pedido 2<\/td><td class=\"column-4\">Pedido 3<\/td><td class=\"column-5\">Pedido 4<\/td><td class=\"column-6\">Pedido 5<\/td>\n<\/tr>\n<tr class=\"row-3\">\n\t<td class=\"column-1\">Tomos<\/td><td class=\"column-2\">1 - 3<\/td><td class=\"column-3\">4 - 6<\/td><td class=\"column-4\">7 - 10<\/td><td class=\"column-5\">11 - 14<\/td><td class=\"column-6\">15 - 18<\/td>\n<\/tr>\n<tr class=\"row-4\">\n\t<td class=\"column-1\">Precio<\/td><td class=\"column-2\">\u20ac<\/td><td class=\"column-3\">\u20ac<\/td><td class=\"column-4\">\u20ac<\/td><td class=\"column-5\">\u20ac<\/td><td class=\"column-6\">\u20ac<\/td>\n<\/tr>\n<tr class=\"row-5\">\n\t<td class=\"column-1\">D\u00edas de prestamo<\/td><td class=\"column-2\">x d\u00edas<\/td><td class=\"column-3\">x d\u00edas<\/td><td class=\"column-4\">x d\u00edas<\/td><td class=\"column-5\">x d\u00edas<\/td><td class=\"column-6\">x d\u00edas<\/td>\n<\/tr>\n<\/tbody>\n<\/table>\n\t\t\t\t<\/div>\n\t\t\t\t\t<\/div>\n\t\t<\/div>\n\t\t\t\t\t<\/div>\n\t\t<\/section>\n\t\t<div class=\"elementor-element elementor-element-d45e564 e-flex e-con-boxed e-con e-parent\" data-id=\"d45e564\" data-element_type=\"container\">\n\t\t\t\t\t<div class=\"e-con-inner\">\n\t\t<!-- dce invisible element 24f8911 -->\t\t\t<\/div>\n\t\t\t\t<\/div>\n\t\t\t\t<\/div>","protected":false},"excerpt":{"rendered":"<p>Nekogami Si te apasiona leer manga, te relaja, te inspira, disfrutas con los detalles del dibujo,con las historias y sus protagonistas, pero el espacio y el dinero son un l\u00edmite.Nekogami es esa nube, ese colch\u00f3n d\u00f3nde por fin vas a disfrutar de leer manga sin l\u00edmites, alquila con nosotros todo lo que quieras leer a [&hellip;]<\/p>","protected":false},"author":1,"featured_media":0,"parent":0,"menu_order":0,"comment_status":"closed","ping_status":"closed","template":"elementor_header_footer","meta":{"footnotes":""},"class_list":["post-18","page","type-page","status-publish","hentry"],"_links":{"self":[{"href":"https:\/\/nekogami.es\/en\/wp-json\/wp\/v2\/pages\/18","targetHints":{"allow":["GET"]}}],"collection":[{"href":"https:\/\/nekogami.es\/en\/wp-json\/wp\/v2\/pages"}],"about":[{"href":"https:\/\/nekogami.es\/en\/wp-json\/wp\/v2\/types\/page"}],"author":[{"embeddable":true,"href":"https:\/\/nekogami.es\/en\/wp-json\/wp\/v2\/users\/1"}],"replies":[{"embeddable":true,"href":"https:\/\/nekogami.es\/en\/wp-json\/wp\/v2\/comments?post=18"}],"version-history":[{"count":55,"href":"https:\/\/nekogami.es\/en\/wp-json\/wp\/v2\/pages\/18\/revisions"}],"predecessor-version":[{"id":597,"href":"https:\/\/nekogami.es\/en\/wp-json\/wp\/v2\/pages\/18\/revisions\/597"}],"wp:attachment":[{"href":"https:\/\/nekogami.es\/en\/wp-json\/wp\/v2\/media?parent=18"}],"curies":[{"name":"wp","href":"https:\/\/api.w.org\/{rel}","templated":true}]}}